{"id":1046,"date":"2023-10-12T08:51:47","date_gmt":"2023-10-12T08:51:47","guid":{"rendered":"https:\/\/petitecliniquemonaco.com\/politique-de-confidentialite\/"},"modified":"2024-02-01T14:21:16","modified_gmt":"2024-02-01T14:21:16","slug":"politique-de-confidentialite","status":"publish","type":"page","link":"https:\/\/petitecliniquemonaco.com\/fr\/politique-de-confidentialite\/","title":{"rendered":"Politique de Confidentialit\u00e9"},"content":{"rendered":"[vc_row type=\u00a0\u00bbin_container\u00a0\u00bb full_screen_row_position=\u00a0\u00bbmiddle\u00a0\u00bb column_margin=\u00a0\u00bbdefault\u00a0\u00bb column_direction=\u00a0\u00bbdefault\u00a0\u00bb column_direction_tablet=\u00a0\u00bbdefault\u00a0\u00bb column_direction_phone=\u00a0\u00bbdefault\u00a0\u00bb scene_position=\u00a0\u00bbcenter\u00a0\u00bb text_color=\u00a0\u00bbdark\u00a0\u00bb text_align=\u00a0\u00bbleft\u00a0\u00bb row_border_radius=\u00a0\u00bbnone\u00a0\u00bb row_border_radius_applies=\u00a0\u00bbbg\u00a0\u00bb overflow=\u00a0\u00bbvisible\u00a0\u00bb overlay_strength=\u00a0\u00bb0.3&Prime; gradient_direction=\u00a0\u00bbleft_to_right\u00a0\u00bb shape_divider_position=\u00a0\u00bbbottom\u00a0\u00bb bg_image_animation=\u00a0\u00bbnone\u00a0\u00bb][vc_column column_padding=\u00a0\u00bbno-extra-padding\u00a0\u00bb column_padding_tablet=\u00a0\u00bbinherit\u00a0\u00bb column_padding_phone=\u00a0\u00bbinherit\u00a0\u00bb column_padding_position=\u00a0\u00bball\u00a0\u00bb column_element_direction_desktop=\u00a0\u00bbdefault\u00a0\u00bb column_element_spacing=\u00a0\u00bbdefault\u00a0\u00bb desktop_text_alignment=\u00a0\u00bbdefault\u00a0\u00bb tablet_text_alignment=\u00a0\u00bbdefault\u00a0\u00bb phone_text_alignment=\u00a0\u00bbdefault\u00a0\u00bb background_color_opacity=\u00a0\u00bb1&Prime; background_hover_color_opacity=\u00a0\u00bb1&Prime; column_backdrop_filter=\u00a0\u00bbnone\u00a0\u00bb column_shadow=\u00a0\u00bbnone\u00a0\u00bb column_border_radius=\u00a0\u00bbnone\u00a0\u00bb column_link_target=\u00a0\u00bb_self\u00a0\u00bb column_position=\u00a0\u00bbdefault\u00a0\u00bb gradient_direction=\u00a0\u00bbleft_to_right\u00a0\u00bb overlay_strength=\u00a0\u00bb0.3&Prime; width=\u00a0\u00bb1\/1&Prime; tablet_width_inherit=\u00a0\u00bbdefault\u00a0\u00bb animation_type=\u00a0\u00bbdefault\u00a0\u00bb bg_image_animation=\u00a0\u00bbnone\u00a0\u00bb border_type=\u00a0\u00bbsimple\u00a0\u00bb column_border_width=\u00a0\u00bbnone\u00a0\u00bb column_border_style=\u00a0\u00bbsolid\u00a0\u00bb][vc_column_text]\n<h1 class=\"wp-block-heading\">Politique de confidentialit\u00e9 de Petite Clinique Monaco<\/h1>\n<p><strong>Date d&rsquo;entr\u00e9e en vigueur : 1er f\u00e9vrier 2024<\/strong><\/p>\n<h2>1. Introduction<\/h2>\n<p>Cette politique de confidentialit\u00e9 explique comment Petite Clinique Monaco, accessible \u00e0 <a href=\"https:\/\/petitecliniquemonaco.com\/fr\/\" target=\"_new\" rel=\"noopener\">https:\/\/petitecliniquemonaco.com<\/a>, recueille, utilise et prot\u00e8ge vos informations personnelles.<\/p>\n<h2>2. Collecte d&rsquo;informations<\/h2>\n<ul>\n<li><strong>Donn\u00e9es Personnelles :<\/strong> Cela comprend les informations fournies via des formulaires de contact et des outils de r\u00e9servation de rendez-vous en ligne, tels que votre nom, vos coordonn\u00e9es et toute autre information que vous choisissez de fournir.<\/li>\n<li><strong>Donn\u00e9es Non Personnelles :<\/strong> Nous ne recueillons pas de donn\u00e9es non personnelles telles que les habitudes de navigation ou les informations d\u00e9mographiques.<\/li>\n<li><strong>Donn\u00e9es Sensibles :<\/strong> Nous ne recueillons pas de donn\u00e9es sensibles telles que des informations de sant\u00e9, \u00e0 moins qu&rsquo;elles ne soient sp\u00e9cifiquement fournies par vous pour des rendez-vous.<\/li>\n<\/ul>\n<h2>3. Utilisation des informations collect\u00e9es<\/h2>\n<p>Vos informations sont utilis\u00e9es pour g\u00e9rer les rendez-vous, r\u00e9pondre aux demandes, am\u00e9liorer notre service et se conformer aux obligations l\u00e9gales.<\/p>\n<h2>4. Partage et divulgation des donn\u00e9es<\/h2>\n<p>Nous pouvons partager vos informations avec des prestataires de services tiers pour la planification des rendez-vous et d&rsquo;autres services. Nous ne vendons ni ne louons de donn\u00e9es personnelles \u00e0 des tiers.<\/p>\n<h2>5. Stockage et s\u00e9curit\u00e9 des donn\u00e9es<\/h2>\n<p>H\u00e9berg\u00e9 par Hostinger en France, nous mettons en \u0153uvre des mesures de s\u00e9curit\u00e9 robustes. Cependant, aucun syst\u00e8me n&rsquo;est enti\u00e8rement s\u00e9curis\u00e9, et nous ne pouvons pas garantir une s\u00e9curit\u00e9 absolue des donn\u00e9es.<\/p>\n<h2>6. Applications tierces<\/h2>\n<p>Notre syst\u00e8me de rendez-vous en ligne est g\u00e9r\u00e9 via une application tierce. Leur utilisation de vos donn\u00e9es est r\u00e9gie par leur politique de confidentialit\u00e9.<\/p>\n<h2>7. Droits de l&rsquo;utilisateur<\/h2>\n<p>Vous avez des droits pour acc\u00e9der, rectifier ou supprimer vos donn\u00e9es personnelles, et pour retirer votre consentement.<\/p>\n<h2>8. Transferts internationaux de donn\u00e9es<\/h2>\n<p>\u00c9tant donn\u00e9 que notre h\u00e9bergement est en France, les utilisateurs internationaux doivent \u00eatre conscients des implications du transfert transfrontalier de donn\u00e9es.<\/p>\n<h2>9. Confidentialit\u00e9 des enfants<\/h2>\n<p>Nos services ne sont pas destin\u00e9s aux enfants, et nous ne recueillons pas sciemment de donn\u00e9es aupr\u00e8s de mineurs.<\/p>\n<h2>10. Modifications de cette politique<\/h2>\n<p>Nous nous r\u00e9servons le droit de modifier cette politique. Les changements seront publi\u00e9s sur notre site web.<\/p>\n<h2>11. Coordonn\u00e9es<\/h2>\n<p>Pour toute question relative \u00e0 la confidentialit\u00e9, contactez-nous \u00e0 :<\/p>\n<ul>\n<li>E-mail : info@ptitecliniquemonaco.com<\/li>\n<li>Adresse : 4 Rue du Gabian, 98000 Monaco<\/li>\n<\/ul>\n[\/vc_column_text][\/vc_column][\/vc_row][vc_row type=\u00a0\u00bbin_container\u00a0\u00bb full_screen_row_position=\u00a0\u00bbmiddle\u00a0\u00bb column_margin=\u00a0\u00bbdefault\u00a0\u00bb column_direction=\u00a0\u00bbdefault\u00a0\u00bb column_direction_tablet=\u00a0\u00bbdefault\u00a0\u00bb column_direction_phone=\u00a0\u00bbdefault\u00a0\u00bb scene_position=\u00a0\u00bbcenter\u00a0\u00bb text_color=\u00a0\u00bbdark\u00a0\u00bb text_align=\u00a0\u00bbleft\u00a0\u00bb row_border_radius=\u00a0\u00bbnone\u00a0\u00bb row_border_radius_applies=\u00a0\u00bbbg\u00a0\u00bb overflow=\u00a0\u00bbvisible\u00a0\u00bb overlay_strength=\u00a0\u00bb0.3&Prime; gradient_direction=\u00a0\u00bbleft_to_right\u00a0\u00bb shape_divider_position=\u00a0\u00bbbottom\u00a0\u00bb bg_image_animation=\u00a0\u00bbnone\u00a0\u00bb][vc_column column_padding=\u00a0\u00bbno-extra-padding\u00a0\u00bb column_padding_tablet=\u00a0\u00bbinherit\u00a0\u00bb column_padding_phone=\u00a0\u00bbinherit\u00a0\u00bb column_padding_position=\u00a0\u00bball\u00a0\u00bb column_element_direction_desktop=\u00a0\u00bbdefault\u00a0\u00bb column_element_spacing=\u00a0\u00bbdefault\u00a0\u00bb desktop_text_alignment=\u00a0\u00bbdefault\u00a0\u00bb tablet_text_alignment=\u00a0\u00bbdefault\u00a0\u00bb phone_text_alignment=\u00a0\u00bbdefault\u00a0\u00bb background_color_opacity=\u00a0\u00bb1&Prime; background_hover_color_opacity=\u00a0\u00bb1&Prime; column_backdrop_filter=\u00a0\u00bbnone\u00a0\u00bb column_shadow=\u00a0\u00bbnone\u00a0\u00bb column_border_radius=\u00a0\u00bbnone\u00a0\u00bb column_link_target=\u00a0\u00bb_self\u00a0\u00bb column_position=\u00a0\u00bbdefault\u00a0\u00bb gradient_direction=\u00a0\u00bbleft_to_right\u00a0\u00bb overlay_strength=\u00a0\u00bb0.3&Prime; width=\u00a0\u00bb1\/1&Prime; tablet_width_inherit=\u00a0\u00bbdefault\u00a0\u00bb animation_type=\u00a0\u00bbdefault\u00a0\u00bb bg_image_animation=\u00a0\u00bbnone\u00a0\u00bb border_type=\u00a0\u00bbsimple\u00a0\u00bb column_border_width=\u00a0\u00bbnone\u00a0\u00bb column_border_style=\u00a0\u00bbsolid\u00a0\u00bb][vc_column_text][\/vc_column_text][\/vc_column][\/vc_row]\n","protected":false},"excerpt":{"rendered":"<p>[vc_row type=\u00a0\u00bbin_container\u00a0\u00bb full_screen_row_position=\u00a0\u00bbmiddle\u00a0\u00bb column_margin=\u00a0\u00bbdefault\u00a0\u00bb column_direction=\u00a0\u00bbdefault\u00a0\u00bb column_direction_tablet=\u00a0\u00bbdefault\u00a0\u00bb column_direction_phone=\u00a0\u00bbdefault\u00a0\u00bb scene_position=\u00a0\u00bbcenter\u00a0\u00bb text_color=\u00a0\u00bbdark\u00a0\u00bb text_align=\u00a0\u00bbleft\u00a0\u00bb row_border_radius=\u00a0\u00bbnone\u00a0\u00bb row_border_radius_applies=\u00a0\u00bbbg\u00a0\u00bb overflow=\u00a0\u00bbvisible\u00a0\u00bb overlay_strength=\u00a0\u00bb0.3&Prime; gradient_direction=\u00a0\u00bbleft_to_right\u00a0\u00bb shape_divider_position=\u00a0\u00bbbottom\u00a0\u00bb bg_image_animation=\u00a0\u00bbnone\u00a0\u00bb][vc_column column_padding=\u00a0\u00bbno-extra-padding\u00a0\u00bb column_padding_tablet=\u00a0\u00bbinherit\u00a0\u00bb column_padding_phone=\u00a0\u00bbinherit\u00a0\u00bb column_padding_position=\u00a0\u00bball\u00a0\u00bb column_element_direction_desktop=\u00a0\u00bbdefault\u00a0\u00bb column_element_spacing=\u00a0\u00bbdefault\u00a0\u00bb desktop_text_alignment=\u00a0\u00bbdefault\u00a0\u00bb tablet_text_alignment=\u00a0\u00bbdefault\u00a0\u00bb phone_text_alignment=\u00a0\u00bbdefault\u00a0\u00bb background_color_opacity=\u00a0\u00bb1&Prime; background_hover_color_opacity=\u00a0\u00bb1&Prime; column_backdrop_filter=\u00a0\u00bbnone\u00a0\u00bb column_shadow=\u00a0\u00bbnone\u00a0\u00bb&#8230;<\/p>\n","protected":false},"author":1,"featured_media":0,"parent":0,"menu_order":0,"comment_status":"closed","ping_status":"open","template":"","meta":{"_themeisle_gutenberg_block_has_review":false,"footnotes":""},"class_list":["post-1046","page","type-page","status-publish"],"yoast_head":"<!-- This site is optimized with the Yoast SEO plugin v27.4 - https:\/\/yoast.com\/product\/yoast-seo-wordpress\/ -->\n<title>Politique de Confidentialit\u00e9 - La Petite Clinique<\/title>\n<meta name=\"robots\" content=\"index, follow, max-snippet:-1, max-image-preview:large, max-video-preview:-1\" \/>\n<link rel=\"canonical\" href=\"https:\/\/petitecliniquemonaco.com\/fr\/politique-de-confidentialite\/\" \/>\n<meta property=\"og:locale\" content=\"fr_FR\" \/>\n<meta property=\"og:type\" content=\"article\" \/>\n<meta property=\"og:title\" content=\"Politique de Confidentialit\u00e9 - La Petite Clinique\" \/>\n<meta property=\"og:description\" content=\"[vc_row type=\u00a0\u00bbin_container\u00a0\u00bb full_screen_row_position=\u00a0\u00bbmiddle\u00a0\u00bb column_margin=\u00a0\u00bbdefault\u00a0\u00bb column_direction=\u00a0\u00bbdefault\u00a0\u00bb column_direction_tablet=\u00a0\u00bbdefault\u00a0\u00bb column_direction_phone=\u00a0\u00bbdefault\u00a0\u00bb scene_position=\u00a0\u00bbcenter\u00a0\u00bb text_color=\u00a0\u00bbdark\u00a0\u00bb text_align=\u00a0\u00bbleft\u00a0\u00bb row_border_radius=\u00a0\u00bbnone\u00a0\u00bb row_border_radius_applies=\u00a0\u00bbbg\u00a0\u00bb overflow=\u00a0\u00bbvisible\u00a0\u00bb overlay_strength=\u00a0\u00bb0.3&Prime; gradient_direction=\u00a0\u00bbleft_to_right\u00a0\u00bb shape_divider_position=\u00a0\u00bbbottom\u00a0\u00bb bg_image_animation=\u00a0\u00bbnone\u00a0\u00bb][vc_column column_padding=\u00a0\u00bbno-extra-padding\u00a0\u00bb column_padding_tablet=\u00a0\u00bbinherit\u00a0\u00bb column_padding_phone=\u00a0\u00bbinherit\u00a0\u00bb column_padding_position=\u00a0\u00bball\u00a0\u00bb column_element_direction_desktop=\u00a0\u00bbdefault\u00a0\u00bb column_element_spacing=\u00a0\u00bbdefault\u00a0\u00bb desktop_text_alignment=\u00a0\u00bbdefault\u00a0\u00bb tablet_text_alignment=\u00a0\u00bbdefault\u00a0\u00bb phone_text_alignment=\u00a0\u00bbdefault\u00a0\u00bb background_color_opacity=\u00a0\u00bb1&Prime; background_hover_color_opacity=\u00a0\u00bb1&Prime; column_backdrop_filter=\u00a0\u00bbnone\u00a0\u00bb column_shadow=\u00a0\u00bbnone\u00a0\u00bb...\" \/>\n<meta property=\"og:url\" content=\"https:\/\/petitecliniquemonaco.com\/fr\/politique-de-confidentialite\/\" \/>\n<meta property=\"og:site_name\" content=\"La Petite Clinique\" \/>\n<meta property=\"article:modified_time\" content=\"2024-02-01T14:21:16+00:00\" \/>\n<meta name=\"twitter:card\" content=\"summary_large_image\" \/>\n<meta name=\"twitter:label1\" content=\"Dur\u00e9e de lecture estim\u00e9e\" \/>\n\t<meta name=\"twitter:data1\" content=\"4 minutes\" \/>\n<script type=\"application\/ld+json\" class=\"yoast-schema-graph\">{\"@context\":\"https:\\\/\\\/schema.org\",\"@graph\":[{\"@type\":\"WebPage\",\"@id\":\"https:\\\/\\\/petitecliniquemonaco.com\\\/fr\\\/politique-de-confidentialite\\\/\",\"url\":\"https:\\\/\\\/petitecliniquemonaco.com\\\/fr\\\/politique-de-confidentialite\\\/\",\"name\":\"Politique de Confidentialit\u00e9 - La Petite Clinique\",\"isPartOf\":{\"@id\":\"https:\\\/\\\/petitecliniquemonaco.com\\\/fr\\\/#website\"},\"datePublished\":\"2023-10-12T08:51:47+00:00\",\"dateModified\":\"2024-02-01T14:21:16+00:00\",\"breadcrumb\":{\"@id\":\"https:\\\/\\\/petitecliniquemonaco.com\\\/fr\\\/politique-de-confidentialite\\\/#breadcrumb\"},\"inLanguage\":\"fr-FR\",\"potentialAction\":[{\"@type\":\"ReadAction\",\"target\":[\"https:\\\/\\\/petitecliniquemonaco.com\\\/fr\\\/politique-de-confidentialite\\\/\"]}]},{\"@type\":\"BreadcrumbList\",\"@id\":\"https:\\\/\\\/petitecliniquemonaco.com\\\/fr\\\/politique-de-confidentialite\\\/#breadcrumb\",\"itemListElement\":[{\"@type\":\"ListItem\",\"position\":1,\"name\":\"Home\",\"item\":\"https:\\\/\\\/petitecliniquemonaco.com\\\/fr\\\/accueil\\\/\"},{\"@type\":\"ListItem\",\"position\":2,\"name\":\"Politique de Confidentialit\u00e9\"}]},{\"@type\":\"WebSite\",\"@id\":\"https:\\\/\\\/petitecliniquemonaco.com\\\/fr\\\/#website\",\"url\":\"https:\\\/\\\/petitecliniquemonaco.com\\\/fr\\\/\",\"name\":\"La Petite Clinique\",\"description\":\"V\u00e9t\u00e9rinaire \u00e0 Monaco\",\"publisher\":{\"@id\":\"https:\\\/\\\/petitecliniquemonaco.com\\\/fr\\\/#organization\"},\"potentialAction\":[{\"@type\":\"SearchAction\",\"target\":{\"@type\":\"EntryPoint\",\"urlTemplate\":\"https:\\\/\\\/petitecliniquemonaco.com\\\/fr\\\/?s={search_term_string}\"},\"query-input\":{\"@type\":\"PropertyValueSpecification\",\"valueRequired\":true,\"valueName\":\"search_term_string\"}}],\"inLanguage\":\"fr-FR\"},{\"@type\":\"Organization\",\"@id\":\"https:\\\/\\\/petitecliniquemonaco.com\\\/fr\\\/#organization\",\"name\":\"La Petite Clinique\",\"url\":\"https:\\\/\\\/petitecliniquemonaco.com\\\/fr\\\/\",\"logo\":{\"@type\":\"ImageObject\",\"inLanguage\":\"fr-FR\",\"@id\":\"https:\\\/\\\/petitecliniquemonaco.com\\\/fr\\\/#\\\/schema\\\/logo\\\/image\\\/\",\"url\":\"https:\\\/\\\/petitecliniquemonaco.com\\\/wp-content\\\/uploads\\\/2023\\\/10\\\/Logo-LPC-HD-1.png\",\"contentUrl\":\"https:\\\/\\\/petitecliniquemonaco.com\\\/wp-content\\\/uploads\\\/2023\\\/10\\\/Logo-LPC-HD-1.png\",\"width\":1500,\"height\":750,\"caption\":\"La Petite Clinique\"},\"image\":{\"@id\":\"https:\\\/\\\/petitecliniquemonaco.com\\\/fr\\\/#\\\/schema\\\/logo\\\/image\\\/\"}}]}<\/script>\n<!-- \/ Yoast SEO plugin. -->","yoast_head_json":{"title":"Politique de Confidentialit\u00e9 - La Petite Clinique","robots":{"index":"index","follow":"follow","max-snippet":"max-snippet:-1","max-image-preview":"max-image-preview:large","max-video-preview":"max-video-preview:-1"},"canonical":"https:\/\/petitecliniquemonaco.com\/fr\/politique-de-confidentialite\/","og_locale":"fr_FR","og_type":"article","og_title":"Politique de Confidentialit\u00e9 - La Petite Clinique","og_description":"[vc_row type=\u00a0\u00bbin_container\u00a0\u00bb full_screen_row_position=\u00a0\u00bbmiddle\u00a0\u00bb column_margin=\u00a0\u00bbdefault\u00a0\u00bb column_direction=\u00a0\u00bbdefault\u00a0\u00bb column_direction_tablet=\u00a0\u00bbdefault\u00a0\u00bb column_direction_phone=\u00a0\u00bbdefault\u00a0\u00bb scene_position=\u00a0\u00bbcenter\u00a0\u00bb text_color=\u00a0\u00bbdark\u00a0\u00bb text_align=\u00a0\u00bbleft\u00a0\u00bb row_border_radius=\u00a0\u00bbnone\u00a0\u00bb row_border_radius_applies=\u00a0\u00bbbg\u00a0\u00bb overflow=\u00a0\u00bbvisible\u00a0\u00bb overlay_strength=\u00a0\u00bb0.3&Prime; gradient_direction=\u00a0\u00bbleft_to_right\u00a0\u00bb shape_divider_position=\u00a0\u00bbbottom\u00a0\u00bb bg_image_animation=\u00a0\u00bbnone\u00a0\u00bb][vc_column column_padding=\u00a0\u00bbno-extra-padding\u00a0\u00bb column_padding_tablet=\u00a0\u00bbinherit\u00a0\u00bb column_padding_phone=\u00a0\u00bbinherit\u00a0\u00bb column_padding_position=\u00a0\u00bball\u00a0\u00bb column_element_direction_desktop=\u00a0\u00bbdefault\u00a0\u00bb column_element_spacing=\u00a0\u00bbdefault\u00a0\u00bb desktop_text_alignment=\u00a0\u00bbdefault\u00a0\u00bb tablet_text_alignment=\u00a0\u00bbdefault\u00a0\u00bb phone_text_alignment=\u00a0\u00bbdefault\u00a0\u00bb background_color_opacity=\u00a0\u00bb1&Prime; background_hover_color_opacity=\u00a0\u00bb1&Prime; column_backdrop_filter=\u00a0\u00bbnone\u00a0\u00bb column_shadow=\u00a0\u00bbnone\u00a0\u00bb...","og_url":"https:\/\/petitecliniquemonaco.com\/fr\/politique-de-confidentialite\/","og_site_name":"La Petite Clinique","article_modified_time":"2024-02-01T14:21:16+00:00","twitter_card":"summary_large_image","twitter_misc":{"Dur\u00e9e de lecture estim\u00e9e":"4 minutes"},"schema":{"@context":"https:\/\/schema.org","@graph":[{"@type":"WebPage","@id":"https:\/\/petitecliniquemonaco.com\/fr\/politique-de-confidentialite\/","url":"https:\/\/petitecliniquemonaco.com\/fr\/politique-de-confidentialite\/","name":"Politique de Confidentialit\u00e9 - La Petite Clinique","isPartOf":{"@id":"https:\/\/petitecliniquemonaco.com\/fr\/#website"},"datePublished":"2023-10-12T08:51:47+00:00","dateModified":"2024-02-01T14:21:16+00:00","breadcrumb":{"@id":"https:\/\/petitecliniquemonaco.com\/fr\/politique-de-confidentialite\/#breadcrumb"},"inLanguage":"fr-FR","potentialAction":[{"@type":"ReadAction","target":["https:\/\/petitecliniquemonaco.com\/fr\/politique-de-confidentialite\/"]}]},{"@type":"BreadcrumbList","@id":"https:\/\/petitecliniquemonaco.com\/fr\/politique-de-confidentialite\/#breadcrumb","itemListElement":[{"@type":"ListItem","position":1,"name":"Home","item":"https:\/\/petitecliniquemonaco.com\/fr\/accueil\/"},{"@type":"ListItem","position":2,"name":"Politique de Confidentialit\u00e9"}]},{"@type":"WebSite","@id":"https:\/\/petitecliniquemonaco.com\/fr\/#website","url":"https:\/\/petitecliniquemonaco.com\/fr\/","name":"La Petite Clinique","description":"V\u00e9t\u00e9rinaire \u00e0 Monaco","publisher":{"@id":"https:\/\/petitecliniquemonaco.com\/fr\/#organization"},"potentialAction":[{"@type":"SearchAction","target":{"@type":"EntryPoint","urlTemplate":"https:\/\/petitecliniquemonaco.com\/fr\/?s={search_term_string}"},"query-input":{"@type":"PropertyValueSpecification","valueRequired":true,"valueName":"search_term_string"}}],"inLanguage":"fr-FR"},{"@type":"Organization","@id":"https:\/\/petitecliniquemonaco.com\/fr\/#organization","name":"La Petite Clinique","url":"https:\/\/petitecliniquemonaco.com\/fr\/","logo":{"@type":"ImageObject","inLanguage":"fr-FR","@id":"https:\/\/petitecliniquemonaco.com\/fr\/#\/schema\/logo\/image\/","url":"https:\/\/petitecliniquemonaco.com\/wp-content\/uploads\/2023\/10\/Logo-LPC-HD-1.png","contentUrl":"https:\/\/petitecliniquemonaco.com\/wp-content\/uploads\/2023\/10\/Logo-LPC-HD-1.png","width":1500,"height":750,"caption":"La Petite Clinique"},"image":{"@id":"https:\/\/petitecliniquemonaco.com\/fr\/#\/schema\/logo\/image\/"}}]}},"_links":{"self":[{"href":"https:\/\/petitecliniquemonaco.com\/fr\/wp-json\/wp\/v2\/pages\/1046","targetHints":{"allow":["GET"]}}],"collection":[{"href":"https:\/\/petitecliniquemonaco.com\/fr\/wp-json\/wp\/v2\/pages"}],"about":[{"href":"https:\/\/petitecliniquemonaco.com\/fr\/wp-json\/wp\/v2\/types\/page"}],"author":[{"embeddable":true,"href":"https:\/\/petitecliniquemonaco.com\/fr\/wp-json\/wp\/v2\/users\/1"}],"replies":[{"embeddable":true,"href":"https:\/\/petitecliniquemonaco.com\/fr\/wp-json\/wp\/v2\/comments?post=1046"}],"version-history":[{"count":2,"href":"https:\/\/petitecliniquemonaco.com\/fr\/wp-json\/wp\/v2\/pages\/1046\/revisions"}],"predecessor-version":[{"id":1048,"href":"https:\/\/petitecliniquemonaco.com\/fr\/wp-json\/wp\/v2\/pages\/1046\/revisions\/1048"}],"wp:attachment":[{"href":"https:\/\/petitecliniquemonaco.com\/fr\/wp-json\/wp\/v2\/media?parent=1046"}],"curies":[{"name":"wp","href":"https:\/\/api.w.org\/{rel}","templated":true}]}}