{"id":1113,"date":"2024-02-06T13:36:43","date_gmt":"2024-02-06T13:36:43","guid":{"rendered":"https:\/\/petitecliniquemonaco.com\/termini-e-condizioni-duso\/"},"modified":"2024-02-06T14:08:17","modified_gmt":"2024-02-06T14:08:17","slug":"termini-e-condizioni","status":"publish","type":"page","link":"https:\/\/petitecliniquemonaco.com\/it\/termini-e-condizioni\/","title":{"rendered":"Termini e Condizioni d&#8217;Uso"},"content":{"rendered":"[vc_row type=&#8221;in_container&#8221; full_screen_row_position=&#8221;middle&#8221; column_margin=&#8221;default&#8221; column_direction=&#8221;default&#8221; column_direction_tablet=&#8221;default&#8221; column_direction_phone=&#8221;default&#8221; scene_position=&#8221;center&#8221; text_color=&#8221;dark&#8221; text_align=&#8221;left&#8221; row_border_radius=&#8221;none&#8221; row_border_radius_applies=&#8221;bg&#8221; overflow=&#8221;visible&#8221; overlay_strength=&#8221;0.3&#8243; gradient_direction=&#8221;left_to_right&#8221; shape_divider_position=&#8221;bottom&#8221; bg_image_animation=&#8221;none&#8221;][vc_column column_padding=&#8221;no-extra-padding&#8221; column_padding_tablet=&#8221;inherit&#8221; column_padding_phone=&#8221;inherit&#8221; column_padding_position=&#8221;all&#8221; column_element_direction_desktop=&#8221;default&#8221; column_element_spacing=&#8221;default&#8221; desktop_text_alignment=&#8221;default&#8221; tablet_text_alignment=&#8221;default&#8221; phone_text_alignment=&#8221;default&#8221; background_color_opacity=&#8221;1&#8243; background_hover_color_opacity=&#8221;1&#8243; column_backdrop_filter=&#8221;none&#8221; column_shadow=&#8221;none&#8221; column_border_radius=&#8221;none&#8221; column_link_target=&#8221;_self&#8221; column_position=&#8221;default&#8221; gradient_direction=&#8221;left_to_right&#8221; overlay_strength=&#8221;0.3&#8243; width=&#8221;1\/1&#8243; tablet_width_inherit=&#8221;default&#8221; animation_type=&#8221;default&#8221; bg_image_animation=&#8221;none&#8221; border_type=&#8221;simple&#8221; column_border_width=&#8221;none&#8221; column_border_style=&#8221;solid&#8221;][vc_row_inner column_margin=&#8221;default&#8221; column_direction=&#8221;default&#8221; column_direction_tablet=&#8221;default&#8221; column_direction_phone=&#8221;default&#8221; text_align=&#8221;left&#8221; row_position=&#8221;default&#8221; row_position_tablet=&#8221;inherit&#8221; row_position_phone=&#8221;inherit&#8221; overflow=&#8221;visible&#8221; pointer_events=&#8221;all&#8221;][vc_column_inner column_padding=&#8221;no-extra-padding&#8221; column_padding_tablet=&#8221;inherit&#8221; column_padding_phone=&#8221;inherit&#8221; column_padding_position=&#8221;all&#8221; column_element_direction_desktop=&#8221;default&#8221; column_element_spacing=&#8221;default&#8221; desktop_text_alignment=&#8221;default&#8221; tablet_text_alignment=&#8221;default&#8221; phone_text_alignment=&#8221;default&#8221; background_color_opacity=&#8221;1&#8243; background_hover_color_opacity=&#8221;1&#8243; column_backdrop_filter=&#8221;none&#8221; column_shadow=&#8221;none&#8221; column_border_radius=&#8221;none&#8221; column_link_target=&#8221;_self&#8221; overflow=&#8221;visible&#8221; gradient_direction=&#8221;left_to_right&#8221; overlay_strength=&#8221;0.3&#8243; width=&#8221;1\/1&#8243; tablet_width_inherit=&#8221;default&#8221; animation_type=&#8221;default&#8221; bg_image_animation=&#8221;none&#8221; border_type=&#8221;simple&#8221; column_border_width=&#8221;none&#8221; column_border_style=&#8221;solid&#8221;][vc_column_text]\n<h1 style=\"text-align: center;\">Termini e Condizioni d&#8217;Uso<\/h1>\n<p>Ultimo aggiornamento: 06 febbraio 2024<\/p>\n<p>Si prega di leggere attentamente questi termini e condizioni prima di utilizzare il nostro servizio.<\/p>\n<h2>Interpretazione e Definizioni<\/h2>\n<h3>Interpretazione<\/h3>\n<p>Le parole di cui la lettera iniziale \u00e8 maiuscola hanno significati definiti nelle seguenti condizioni. Le seguenti definizioni avranno lo stesso significato sia che appaiano al singolare o al plurale.<\/p>\n<h3>Definizioni<\/h3>\n<p>Ai fini dei presenti Termini e Condizioni:<\/p>\n<ul>\n<li><strong>Affiliato<\/strong> significa un&#8217;entit\u00e0 che controlla, \u00e8 controllata da o \u00e8 sotto controllo comune con una parte, dove &#8220;controllo&#8221; significa la propriet\u00e0 del 50% o pi\u00f9 delle azioni, interessi azionari o altri titoli idonei a votare per l&#8217;elezione di direttori o altra autorit\u00e0 gestionale.<\/li>\n<li><strong>Paese<\/strong> si riferisce a: Monaco<\/li>\n<li><strong>Azienda<\/strong> (riferita come &#8220;l&#8217;Azienda&#8221;, &#8220;Noi&#8221;, &#8220;Ci&#8221; o &#8220;Il Nostro&#8221; in questo Accordo) si riferisce a Petite Clinique, 4, Rue du Gabian, 98000 MC.<\/li>\n<li><strong>Dispositivo<\/strong> significa qualsiasi dispositivo che pu\u00f2 accedere al Servizio come un computer, un cellulare o un tablet digitale.<\/li>\n<li><strong>Servizio<\/strong> si riferisce al Sito Web.<\/li>\n<li><strong>Termini e Condizioni<\/strong> (anche riferiti come &#8220;Termini&#8221;) significano questi Termini e Condizioni che formano l&#8217;intero accordo tra Te e l&#8217;Azienda riguardo all&#8217;uso del Servizio. Questo accordo di Termini e Condizioni \u00e8 stato creato con l&#8217;aiuto del <a href=\"https:\/\/www.termsfeed.com\/terms-conditions-generator\/\" target=\"_blank\" rel=\"noopener\">Generatore di Termini e Condizioni.<\/a><\/li>\n<li><strong>Servizio di Terze Parti sui Social Media<\/strong> significa qualsiasi servizio o contenuto (inclusi dati, informazioni, prodotti o servizi) fornito da una terza parte che pu\u00f2 essere visualizzato, incluso o reso disponibile dal Servizio.<\/li>\n<li><strong>Sito Web<\/strong> si riferisce a La Petite Clinique Monaco, accessibile da <a href=\"petiteclininiquemonaco.com\" target=\"_blank\" rel=\"external nofollow noopener\">petitecliniquemonaco.com<\/a><\/li>\n<li><strong>Tu<\/strong> significa l&#8217;individuo che accede o utilizza il Servizio, o l&#8217;azienda, o altra entit\u00e0 giuridica per conto della quale tale individuo accede o utilizza il Servizio, secondo il caso.<\/li>\n<\/ul>\n<h2>Riconoscimento<\/h2>\n<p>Questi sono i Termini e Condizioni che governano l&#8217;uso di questo Servizio e l&#8217;accordo che opera tra Te e l&#8217;Azienda. Questi Termini e Condizioni stabiliscono i diritti e gli obblighi di tutti gli utenti riguardo all&#8217;uso del Servizio.<\/p>\n<p>Il tuo accesso e uso del Servizio \u00e8 condizionato alla tua accettazione e conformit\u00e0 con questi Termini e Condizioni. Questi Termini e Condizioni si applicano a tutti i visitatori, utenti e altri che accedono o utilizzano il Servizio.<\/p>\n<p>Accedendo o utilizzando il Servizio accetti di essere vincolato da questi Termini e Condizioni. Se non sei d&#8217;accordo con una parte di questi Termini e Condizioni allora non potrai accedere al Servizio.<\/p>\n<p>Dichiari di avere pi\u00f9 di 18 anni. L&#8217;Azienda non permette a coloro che sono sotto i 18 anni di utilizzare il Servizio.<\/p>\n<p>Il tuo accesso e uso del Servizio \u00e8 inoltre condizionato alla tua accettazione e conformit\u00e0 con la Politica sulla Privacy dell&#8217;Azienda. La Nostra Politica sulla Privacy descrive le Nostre politiche e procedure sulla raccolta, l&#8217;uso e la divulgazione delle Tue informazioni personali quando utilizzi l&#8217;Applicazione o il Sito Web e Ti informa sui Tuoi diritti alla privacy e come la legge Ti protegge. Si prega di leggere attentamente la Nostra Politica sulla Privacy prima di utilizzare il Nostro Servizio.<\/p>\n<h2>Collegamenti ad Altri Siti Web<\/h2>\n<p>Il Nostro Servizio pu\u00f2 contenere collegamenti a siti web o servizi di terze parti che non sono di propriet\u00e0 o controllati dall&#8217;Azienda.<\/p>\n<p>L&#8217;Azienda non ha controllo su, e non assume alcuna responsabilit\u00e0 per, i contenuti, le politiche sulla privacy, o le pratiche di qualsiasi sito web o servizi di terze parti. Inoltre, riconosci e accetti che l&#8217;Azienda non sar\u00e0 responsabile o obbligata, direttamente o indirettamente, per qualsiasi danno o perdita causati o presunti essere causati da o in connessione con l&#8217;uso o il affidamento su tali contenuti, beni o servizi disponibili su o attraverso tali siti web o servizi.<\/p>\n<p>Ti consigliamo vivamente di leggere i termini e le condizioni e le politiche sulla privacy di qualsiasi sito web o servizio di terze parti che visiti.<\/p>\n<h2>Terminazione<\/h2>\n<p>Possiamo terminare o sospendere il tuo accesso immediatamente, senza preavviso o responsabilit\u00e0, per qualsiasi motivo, incluso senza limitazione se violi questi Termini e Condizioni.<\/p>\n<p>Alla terminazione, il tuo diritto di utilizzare il Servizio cesser\u00e0 immediatamente.<\/p>\n<h2>Limitazione di Responsabilit\u00e0<\/h2>\n<p>Nonostante qualsiasi danno che potresti subire, l&#8217;intera responsabilit\u00e0 dell&#8217;Azienda e di qualsiasi dei suoi fornitori ai sensi di qualsiasi disposizione di questi Termini e il tuo rimedio esclusivo per tutto quanto precedente sar\u00e0 limitato all&#8217;importo effettivamente pagato da Te tramite il Servizio o 100 USD se non hai acquistato nulla tramite il Servizio.<\/p>\n<p>Nella massima misura permessa dalla legge applicabile, in nessun caso l&#8217;Azienda o i suoi fornitori saranno responsabili per danni speciali, incidentali, indiretti o consequenziali di qualsiasi tipo (inclusi, ma non limitati a, danni per perdita di profitti, perdita di dati o altre informazioni, per interruzione dell&#8217;attivit\u00e0, per lesione personale, perdita di privacy derivante da o in qualsiasi modo connessa all&#8217;uso o all&#8217;impossibilit\u00e0 di utilizzare il Servizio, software di terze parti e\/o hardware di terze parti utilizzato con il Servizio, o altrimenti in connessione con qualsiasi disposizione di questi Termini), anche se l&#8217;Azienda o qualsiasi fornitore \u00e8 stato avvisato della possibilit\u00e0 di tali danni e anche se il rimedio non raggiunge il suo scopo essenziale.<\/p>\n<p>Alcuni stati non permettono l&#8217;esclusione delle garanzie implicite o la limitazione di responsabilit\u00e0 per danni incidentali o consequenziali, il che significa che alcune delle limitazioni sopra potrebbero non applicarsi. In questi stati, la responsabilit\u00e0 di ciascuna parte sar\u00e0 limitata nella massima misura consentita dalla legge.<\/p>\n<h2>Avvertenza &#8220;COS\u00cc COM&#8217;\u00c8&#8221; e &#8220;COME DISPONIBILE&#8221;<\/h2>\n<p>Il Servizio ti viene fornito &#8220;COS\u00cc COM&#8217;\u00c8&#8221; e &#8220;COME DISPONIBILE&#8221; e con tutti i difetti e senza garanzia di alcun tipo. Nella massima misura permessa dalla legge applicabile, l&#8217;Azienda, per proprio conto e per conto dei suoi Affiliati e dei suoi e loro rispettivi licenzianti e fornitori di servizi, esclude espressamente tutte le garanzie, espresse, implicite, statutarie o altrimenti, riguardo al Servizio, inclusa tutte le garanzie implicite di commerciabilit\u00e0, idoneit\u00e0 per un particolare scopo, titolo e non violazione, e garanzie che possono sorgere nel corso di negoziazione, corso di esecuzione, uso o pratica commerciale. Senza limitazione a quanto precede, l&#8217;Azienda non fornisce alcuna garanzia o impegno, e non fa alcuna rappresentazione di alcun tipo che il Servizio soddisfer\u00e0 i tuoi requisiti, otterr\u00e0 i risultati previsti, sar\u00e0 compatibile o funzioner\u00e0 con qualsiasi altro software, applicazioni, sistemi o servizi, operer\u00e0 senza interruzioni, soddisfer\u00e0 qualsiasi standard di performance o affidabilit\u00e0 o sar\u00e0 esente da errori o che eventuali errori o difetti possono o saranno corretti.<\/p>\n<p>Senza limitare quanto precede, n\u00e9 l&#8217;Azienda n\u00e9 alcun fornitore dell&#8217;azienda fa alcuna dichiarazione o garanzia di alcun tipo, espressa o implicita: (i) quanto al funzionamento o alla disponibilit\u00e0 del Servizio, o alle informazioni, contenuti e materiali o prodotti inclusi su di esso; (ii) che il Servizio sar\u00e0 ininterrotto o privo di errori; (iii) quanto alla precisione, affidabilit\u00e0 o attualit\u00e0 di qualsiasi informazione o contenuto fornito tramite il Servizio; (iv) che il Servizio, i suoi server, il contenuto o le e-mail inviate da o per conto dell&#8217;Azienda sono privi di virus, script, trojan, worm, malware, bombe a tempo o altri componenti dannosi.<\/p>\n<p>Alcune giurisdizioni non permettono l&#8217;esclusione di certi tipi di garanzie o limitazioni sui diritti statutari applicabili di un consumatore, quindi alcune o tutte le esclusioni e limitazioni sopra potrebbero non applicarsi a Te. Ma in tale caso, le esclusioni e limitazioni stabilite in questa sezione saranno applicate nella massima misura eseguibile sotto la legge applicabile.<\/p>\n<h2>Legge Applicabile<\/h2>\n<p>Le leggi del Paese, escluse le sue regole di conflitto di leggi, regoleranno questi Termini e il tuo uso del Servizio. Il tuo uso dell&#8217;Applicazione pu\u00f2 anche essere soggetto ad altre leggi locali, statali, nazionali o internazionali.<\/p>\n<h2>Risoluzione delle Dispute<\/h2>\n<p>Se hai una preoccupazione o una disputa riguardo al Servizio, accetti di cercare prima di risolvere la disputa informalmente contattando l&#8217;Azienda.<\/p>\n<h2>Per gli Utenti dell&#8217;Unione Europea (UE)<\/h2>\n<p>Se sei un consumatore dell&#8217;Unione Europea, beneficerai di qualsiasi disposizione obbligatoria della legge del paese in cui risiedi.<\/p>\n<h2>Conformit\u00e0 Legale degli Stati Uniti<\/h2>\n<p>Dichiari e garantisci che (i) non ti trovi in un paese soggetto a un embargo del governo degli Stati Uniti, o che \u00e8 stato designato dal governo degli Stati Uniti come un paese &#8220;che sostiene il terrorismo&#8221;, e (ii) non sei elencato in alcuna lista del governo degli Stati Uniti di parti proibite o ristrette.<\/p>\n<h2>Divisibilit\u00e0 e Rinuncia<\/h2>\n<h3>Divisibilit\u00e0<\/h3>\n<p>Se una disposizione di questi Termini \u00e8 ritenuta inapplicabile o invalida, tale disposizione sar\u00e0 modificata e interpretata per ottenere gli obiettivi di tale disposizione nella massima misura possibile secondo la legge applicabile e le disposizioni rimanenti continueranno in piena forza ed effetto.<\/p>\n<h3>Rinuncia<\/h3>\n<p>Salvo quanto qui previsto, il mancato esercizio di un diritto o il mancato richiamo all&#8217;esecuzione di un obbligo ai sensi di questi Termini non influir\u00e0 sulla capacit\u00e0 di una parte di esercitare tale diritto o richiedere tale esecuzione in qualsiasi momento successivo, n\u00e9 la rinuncia a una violazione costituir\u00e0 una rinuncia a eventuali violazioni successive.<\/p>\n<h2>Interpretazione della Traduzione<\/h2>\n<p>Questi Termini e Condizioni potrebbero essere stati tradotti se li abbiamo resi disponibili a Te sul nostro Servizio.<br \/>\nAccetti che il testo originale in inglese prevarr\u00e0 in caso di disputa.<\/p>\n<h2>Modifiche a Questi Termini e Condizioni<\/h2>\n<p>Ci riserviamo il diritto, a nostra esclusiva discrezione, di modificare o sostituire questi Termini in qualsiasi momento. Se una revisione \u00e8 materiale faremo ragionevoli sforzi per fornire un preavviso di almeno 30 giorni prima che i nuovi termini entrino in vigore. Ci\u00f2 che costituisce un cambiamento materiale sar\u00e0 determinato a nostra esclusiva discrezione. Continuando ad accedere o utilizzare il nostro Servizio dopo che tali revisioni diventano effettive, accetti di essere vincolato dai termini rivisti.<\/p>\n<p>Se non accetti i nuovi termini, in tutto o in parte, ti preghiamo di smettere di utilizzare il sito web e il Servizio. Se non accetti i nuovi termini, in tutto o in parte, ti preghiamo di smettere di utilizzare il sito web e il Servizio.<\/p>\n<h2>Contattaci<\/h2>\n<p>Se hai domande su questi Termini e Condizioni, puoi contattarci:<\/p>\n<ul>\n<li>Via email: info@petitecliniquemonaco.com<\/li>\n<\/ul>\n[\/vc_column_text][\/vc_column_inner][\/vc_row_inner][\/vc_column][\/vc_row]\n","protected":false},"excerpt":{"rendered":"<p>[vc_row type=&#8221;in_container&#8221; full_screen_row_position=&#8221;middle&#8221; column_margin=&#8221;default&#8221; column_direction=&#8221;default&#8221; column_direction_tablet=&#8221;default&#8221; column_direction_phone=&#8221;default&#8221; scene_position=&#8221;center&#8221; text_color=&#8221;dark&#8221; text_align=&#8221;left&#8221; row_border_radius=&#8221;none&#8221; row_border_radius_applies=&#8221;bg&#8221; overflow=&#8221;visible&#8221; overlay_strength=&#8221;0.3&#8243; gradient_direction=&#8221;left_to_right&#8221; shape_divider_position=&#8221;bottom&#8221; bg_image_animation=&#8221;none&#8221;][vc_column column_padding=&#8221;no-extra-padding&#8221; column_padding_tablet=&#8221;inherit&#8221; column_padding_phone=&#8221;inherit&#8221; column_padding_position=&#8221;all&#8221; column_element_direction_desktop=&#8221;default&#8221; column_element_spacing=&#8221;default&#8221; desktop_text_alignment=&#8221;default&#8221; tablet_text_alignment=&#8221;default&#8221; phone_text_alignment=&#8221;default&#8221; background_color_opacity=&#8221;1&#8243; background_hover_color_opacity=&#8221;1&#8243; column_backdrop_filter=&#8221;none&#8221; column_shadow=&#8221;none&#8221;&#8230;<\/p>\n","protected":false},"author":1,"featured_media":0,"parent":0,"menu_order":0,"comment_status":"closed","ping_status":"closed","template":"","meta":{"_themeisle_gutenberg_block_has_review":false,"footnotes":""},"class_list":["post-1113","page","type-page","status-publish"],"yoast_head":"<!-- This site is optimized with the Yoast SEO plugin v27.4 - https:\/\/yoast.com\/product\/yoast-seo-wordpress\/ -->\n<title>Termini e Condizioni d&#039;Uso - La Petite Clinique<\/title>\n<meta name=\"robots\" content=\"index, follow, max-snippet:-1, max-image-preview:large, max-video-preview:-1\" \/>\n<link rel=\"canonical\" href=\"https:\/\/petitecliniquemonaco.com\/it\/termini-e-condizioni\/\" \/>\n<meta property=\"og:locale\" content=\"it_IT\" \/>\n<meta property=\"og:type\" content=\"article\" \/>\n<meta property=\"og:title\" content=\"Termini e Condizioni d&#039;Uso - La Petite Clinique\" \/>\n<meta property=\"og:description\" content=\"[vc_row type=&#8221;in_container&#8221; full_screen_row_position=&#8221;middle&#8221; column_margin=&#8221;default&#8221; column_direction=&#8221;default&#8221; column_direction_tablet=&#8221;default&#8221; column_direction_phone=&#8221;default&#8221; scene_position=&#8221;center&#8221; text_color=&#8221;dark&#8221; text_align=&#8221;left&#8221; row_border_radius=&#8221;none&#8221; row_border_radius_applies=&#8221;bg&#8221; overflow=&#8221;visible&#8221; overlay_strength=&#8221;0.3&#8243; gradient_direction=&#8221;left_to_right&#8221; shape_divider_position=&#8221;bottom&#8221; bg_image_animation=&#8221;none&#8221;][vc_column column_padding=&#8221;no-extra-padding&#8221; column_padding_tablet=&#8221;inherit&#8221; column_padding_phone=&#8221;inherit&#8221; column_padding_position=&#8221;all&#8221; column_element_direction_desktop=&#8221;default&#8221; column_element_spacing=&#8221;default&#8221; desktop_text_alignment=&#8221;default&#8221; tablet_text_alignment=&#8221;default&#8221; phone_text_alignment=&#8221;default&#8221; background_color_opacity=&#8221;1&#8243; background_hover_color_opacity=&#8221;1&#8243; column_backdrop_filter=&#8221;none&#8221; column_shadow=&#8221;none&#8221;...\" \/>\n<meta property=\"og:url\" content=\"https:\/\/petitecliniquemonaco.com\/it\/termini-e-condizioni\/\" \/>\n<meta property=\"og:site_name\" content=\"La Petite Clinique\" \/>\n<meta property=\"article:modified_time\" content=\"2024-02-06T14:08:17+00:00\" \/>\n<meta name=\"twitter:card\" content=\"summary_large_image\" \/>\n<meta name=\"twitter:label1\" content=\"Tempo di lettura stimato\" \/>\n\t<meta name=\"twitter:data1\" content=\"9 minuti\" \/>\n<script type=\"application\/ld+json\" class=\"yoast-schema-graph\">{\"@context\":\"https:\\\/\\\/schema.org\",\"@graph\":[{\"@type\":\"WebPage\",\"@id\":\"https:\\\/\\\/petitecliniquemonaco.com\\\/it\\\/termini-e-condizioni\\\/\",\"url\":\"https:\\\/\\\/petitecliniquemonaco.com\\\/it\\\/termini-e-condizioni\\\/\",\"name\":\"Termini e Condizioni d'Uso - La Petite Clinique\",\"isPartOf\":{\"@id\":\"https:\\\/\\\/petitecliniquemonaco.com\\\/it\\\/#website\"},\"datePublished\":\"2024-02-06T13:36:43+00:00\",\"dateModified\":\"2024-02-06T14:08:17+00:00\",\"breadcrumb\":{\"@id\":\"https:\\\/\\\/petitecliniquemonaco.com\\\/it\\\/termini-e-condizioni\\\/#breadcrumb\"},\"inLanguage\":\"it-IT\",\"potentialAction\":[{\"@type\":\"ReadAction\",\"target\":[\"https:\\\/\\\/petitecliniquemonaco.com\\\/it\\\/termini-e-condizioni\\\/\"]}]},{\"@type\":\"BreadcrumbList\",\"@id\":\"https:\\\/\\\/petitecliniquemonaco.com\\\/it\\\/termini-e-condizioni\\\/#breadcrumb\",\"itemListElement\":[{\"@type\":\"ListItem\",\"position\":1,\"name\":\"Home\",\"item\":\"https:\\\/\\\/petitecliniquemonaco.com\\\/it\\\/benvenuti\\\/\"},{\"@type\":\"ListItem\",\"position\":2,\"name\":\"Termini e Condizioni d&#8217;Uso\"}]},{\"@type\":\"WebSite\",\"@id\":\"https:\\\/\\\/petitecliniquemonaco.com\\\/it\\\/#website\",\"url\":\"https:\\\/\\\/petitecliniquemonaco.com\\\/it\\\/\",\"name\":\"La Petite Clinique\",\"description\":\"V\u00e9t\u00e9rinaire \u00e0 Monaco\",\"publisher\":{\"@id\":\"https:\\\/\\\/petitecliniquemonaco.com\\\/it\\\/#organization\"},\"potentialAction\":[{\"@type\":\"SearchAction\",\"target\":{\"@type\":\"EntryPoint\",\"urlTemplate\":\"https:\\\/\\\/petitecliniquemonaco.com\\\/it\\\/?s={search_term_string}\"},\"query-input\":{\"@type\":\"PropertyValueSpecification\",\"valueRequired\":true,\"valueName\":\"search_term_string\"}}],\"inLanguage\":\"it-IT\"},{\"@type\":\"Organization\",\"@id\":\"https:\\\/\\\/petitecliniquemonaco.com\\\/it\\\/#organization\",\"name\":\"La Petite Clinique\",\"url\":\"https:\\\/\\\/petitecliniquemonaco.com\\\/it\\\/\",\"logo\":{\"@type\":\"ImageObject\",\"inLanguage\":\"it-IT\",\"@id\":\"https:\\\/\\\/petitecliniquemonaco.com\\\/it\\\/#\\\/schema\\\/logo\\\/image\\\/\",\"url\":\"https:\\\/\\\/petitecliniquemonaco.com\\\/wp-content\\\/uploads\\\/2023\\\/10\\\/Logo-LPC-HD-1.png\",\"contentUrl\":\"https:\\\/\\\/petitecliniquemonaco.com\\\/wp-content\\\/uploads\\\/2023\\\/10\\\/Logo-LPC-HD-1.png\",\"width\":1500,\"height\":750,\"caption\":\"La Petite Clinique\"},\"image\":{\"@id\":\"https:\\\/\\\/petitecliniquemonaco.com\\\/it\\\/#\\\/schema\\\/logo\\\/image\\\/\"}}]}<\/script>\n<!-- \/ Yoast SEO plugin. -->","yoast_head_json":{"title":"Termini e Condizioni d'Uso - La Petite Clinique","robots":{"index":"index","follow":"follow","max-snippet":"max-snippet:-1","max-image-preview":"max-image-preview:large","max-video-preview":"max-video-preview:-1"},"canonical":"https:\/\/petitecliniquemonaco.com\/it\/termini-e-condizioni\/","og_locale":"it_IT","og_type":"article","og_title":"Termini e Condizioni d'Uso - La Petite Clinique","og_description":"[vc_row type=&#8221;in_container&#8221; full_screen_row_position=&#8221;middle&#8221; column_margin=&#8221;default&#8221; column_direction=&#8221;default&#8221; column_direction_tablet=&#8221;default&#8221; column_direction_phone=&#8221;default&#8221; scene_position=&#8221;center&#8221; text_color=&#8221;dark&#8221; text_align=&#8221;left&#8221; row_border_radius=&#8221;none&#8221; row_border_radius_applies=&#8221;bg&#8221; overflow=&#8221;visible&#8221; overlay_strength=&#8221;0.3&#8243; gradient_direction=&#8221;left_to_right&#8221; shape_divider_position=&#8221;bottom&#8221; bg_image_animation=&#8221;none&#8221;][vc_column column_padding=&#8221;no-extra-padding&#8221; column_padding_tablet=&#8221;inherit&#8221; column_padding_phone=&#8221;inherit&#8221; column_padding_position=&#8221;all&#8221; column_element_direction_desktop=&#8221;default&#8221; column_element_spacing=&#8221;default&#8221; desktop_text_alignment=&#8221;default&#8221; tablet_text_alignment=&#8221;default&#8221; phone_text_alignment=&#8221;default&#8221; background_color_opacity=&#8221;1&#8243; background_hover_color_opacity=&#8221;1&#8243; column_backdrop_filter=&#8221;none&#8221; column_shadow=&#8221;none&#8221;...","og_url":"https:\/\/petitecliniquemonaco.com\/it\/termini-e-condizioni\/","og_site_name":"La Petite Clinique","article_modified_time":"2024-02-06T14:08:17+00:00","twitter_card":"summary_large_image","twitter_misc":{"Tempo di lettura stimato":"9 minuti"},"schema":{"@context":"https:\/\/schema.org","@graph":[{"@type":"WebPage","@id":"https:\/\/petitecliniquemonaco.com\/it\/termini-e-condizioni\/","url":"https:\/\/petitecliniquemonaco.com\/it\/termini-e-condizioni\/","name":"Termini e Condizioni d'Uso - La Petite Clinique","isPartOf":{"@id":"https:\/\/petitecliniquemonaco.com\/it\/#website"},"datePublished":"2024-02-06T13:36:43+00:00","dateModified":"2024-02-06T14:08:17+00:00","breadcrumb":{"@id":"https:\/\/petitecliniquemonaco.com\/it\/termini-e-condizioni\/#breadcrumb"},"inLanguage":"it-IT","potentialAction":[{"@type":"ReadAction","target":["https:\/\/petitecliniquemonaco.com\/it\/termini-e-condizioni\/"]}]},{"@type":"BreadcrumbList","@id":"https:\/\/petitecliniquemonaco.com\/it\/termini-e-condizioni\/#breadcrumb","itemListElement":[{"@type":"ListItem","position":1,"name":"Home","item":"https:\/\/petitecliniquemonaco.com\/it\/benvenuti\/"},{"@type":"ListItem","position":2,"name":"Termini e Condizioni d&#8217;Uso"}]},{"@type":"WebSite","@id":"https:\/\/petitecliniquemonaco.com\/it\/#website","url":"https:\/\/petitecliniquemonaco.com\/it\/","name":"La Petite Clinique","description":"V\u00e9t\u00e9rinaire \u00e0 Monaco","publisher":{"@id":"https:\/\/petitecliniquemonaco.com\/it\/#organization"},"potentialAction":[{"@type":"SearchAction","target":{"@type":"EntryPoint","urlTemplate":"https:\/\/petitecliniquemonaco.com\/it\/?s={search_term_string}"},"query-input":{"@type":"PropertyValueSpecification","valueRequired":true,"valueName":"search_term_string"}}],"inLanguage":"it-IT"},{"@type":"Organization","@id":"https:\/\/petitecliniquemonaco.com\/it\/#organization","name":"La Petite Clinique","url":"https:\/\/petitecliniquemonaco.com\/it\/","logo":{"@type":"ImageObject","inLanguage":"it-IT","@id":"https:\/\/petitecliniquemonaco.com\/it\/#\/schema\/logo\/image\/","url":"https:\/\/petitecliniquemonaco.com\/wp-content\/uploads\/2023\/10\/Logo-LPC-HD-1.png","contentUrl":"https:\/\/petitecliniquemonaco.com\/wp-content\/uploads\/2023\/10\/Logo-LPC-HD-1.png","width":1500,"height":750,"caption":"La Petite Clinique"},"image":{"@id":"https:\/\/petitecliniquemonaco.com\/it\/#\/schema\/logo\/image\/"}}]}},"_links":{"self":[{"href":"https:\/\/petitecliniquemonaco.com\/it\/wp-json\/wp\/v2\/pages\/1113","targetHints":{"allow":["GET"]}}],"collection":[{"href":"https:\/\/petitecliniquemonaco.com\/it\/wp-json\/wp\/v2\/pages"}],"about":[{"href":"https:\/\/petitecliniquemonaco.com\/it\/wp-json\/wp\/v2\/types\/page"}],"author":[{"embeddable":true,"href":"https:\/\/petitecliniquemonaco.com\/it\/wp-json\/wp\/v2\/users\/1"}],"replies":[{"embeddable":true,"href":"https:\/\/petitecliniquemonaco.com\/it\/wp-json\/wp\/v2\/comments?post=1113"}],"version-history":[{"count":2,"href":"https:\/\/petitecliniquemonaco.com\/it\/wp-json\/wp\/v2\/pages\/1113\/revisions"}],"predecessor-version":[{"id":1115,"href":"https:\/\/petitecliniquemonaco.com\/it\/wp-json\/wp\/v2\/pages\/1113\/revisions\/1115"}],"wp:attachment":[{"href":"https:\/\/petitecliniquemonaco.com\/it\/wp-json\/wp\/v2\/media?parent=1113"}],"curies":[{"name":"wp","href":"https:\/\/api.w.org\/{rel}","templated":true}]}}